{"id":279696,"date":"2023-09-01T12:57:58","date_gmt":"2023-09-01T10:57:58","guid":{"rendered":"https:\/\/simracing-mallorca.es\/events-miete"},"modified":"2026-04-07T10:34:32","modified_gmt":"2026-04-07T08:34:32","slug":"events-miete","status":"publish","type":"page","link":"https:\/\/simracing-mallorca.es\/de\/events-miete","title":{"rendered":"Events &amp; Miete"},"content":{"rendered":"<p>[et_pb_section fb_built=&#8220;1&#8243; _builder_version=&#8220;4.27.4&#8243; _module_preset=&#8220;default&#8220; background_color=&#8220;#474747&#8243; background_image=&#8220;https:\/\/simracing-mallorca.es\/wp-content\/uploads\/motorworld-mallorca-event.webp&#8220; background_blend=&#8220;soft-light&#8220; background_enable_video_mp4=&#8220;off&#8220; custom_margin=&#8220;0px||0px||false|false&#8220; custom_padding=&#8220;0px||0px||false|false&#8220; global_colors_info=&#8220;{}&#8220;][et_pb_row custom_padding_last_edited=&#8220;on|phone&#8220; _builder_version=&#8220;4.27.4&#8243; _module_preset=&#8220;default&#8220; width=&#8220;100%&#8220; max_width=&#8220;100%&#8220; custom_margin=&#8220;||||false|false&#8220; custom_padding=&#8220;150px||150px||false|false&#8220; custom_padding_tablet=&#8220;250px||250px||false|false&#8220; custom_padding_phone=&#8220;100px||100px||false|false&#8220; global_colors_info=&#8220;{}&#8220;][et_pb_column type=&#8220;4_4&#8243; _builder_version=&#8220;4.18.0&#8243; _module_preset=&#8220;default&#8220; global_colors_info=&#8220;{}&#8220;][et_pb_text _builder_version=&#8220;4.27.4&#8243; _module_preset=&#8220;default&#8220; text_text_color=&#8220;#000000&#8243; text_font_size=&#8220;16px&#8220; text_line_height=&#8220;1.9em&#8220; header_font=&#8220;|800||on|||||&#8220; header_text_align=&#8220;center&#8220; header_text_color=&#8220;#FFFFFF&#8220; header_font_size=&#8220;70px&#8220; header_line_height=&#8220;1.6em&#8220; header_2_font=&#8220;|800||on|||||&#8220; header_2_text_align=&#8220;left&#8220; header_2_text_color=&#8220;#000000&#8243; header_2_font_size=&#8220;45px&#8220; header_2_line_height=&#8220;1.6em&#8220; background_color=&#8220;RGBA(255,255,255,0)&#8220; custom_margin=&#8220;||0px||false|false&#8220; custom_padding=&#8220;||0px||false|false&#8220; header_text_color_tablet=&#8220;#FFFFFF&#8220; header_text_color_phone=&#8220;#FFFFFF&#8220; header_text_color_last_edited=&#8220;on|desktop&#8220; header_font_size_tablet=&#8220;45px&#8220; header_font_size_phone=&#8220;35px&#8220; header_font_size_last_edited=&#8220;on|phone&#8220; header_2_text_color_tablet=&#8220;#000000&#8243; header_2_text_color_phone=&#8220;#000000&#8243; header_2_text_color_last_edited=&#8220;on|desktop&#8220; header_2_font_size_tablet=&#8220;45px&#8220; header_2_font_size_phone=&#8220;25px&#8220; header_2_font_size_last_edited=&#8220;on|phone&#8220; header_text_shadow_style=&#8220;preset1&#8243; locked=&#8220;off&#8220; global_colors_info=&#8220;{}&#8220;]<\/p>\n<h1>Events &amp; Miete<\/h1>\n<p>[\/et_pb_text][\/et_pb_column][\/et_pb_row][\/et_pb_section][et_pb_section fb_built=&#8220;1&#8243; _builder_version=&#8220;4.27.4&#8243; _module_preset=&#8220;default&#8220; custom_margin=&#8220;||0px||false|false&#8220; custom_padding=&#8220;||0px||false|false&#8220; global_colors_info=&#8220;{}&#8220;][et_pb_row _builder_version=&#8220;4.27.4&#8243; _module_preset=&#8220;default&#8220; max_width=&#8220;1500px&#8220; custom_margin=&#8220;0px||0px||false|false&#8220; custom_padding=&#8220;0px||0px||false|false&#8220; global_colors_info=&#8220;{}&#8220;][et_pb_column type=&#8220;4_4&#8243; _builder_version=&#8220;4.27.4&#8243; _module_preset=&#8220;default&#8220; animation_direction=&#8220;left&#8220; global_colors_info=&#8220;{}&#8220;][et_pb_text _builder_version=&#8220;4.27.4&#8243; _module_preset=&#8220;default&#8220; text_text_color=&#8220;#000000&#8243; text_font_size=&#8220;16px&#8220; text_line_height=&#8220;1.9em&#8220; header_2_font=&#8220;|800||on|||||&#8220; header_2_text_align=&#8220;left&#8220; header_2_text_color=&#8220;#000000&#8243; header_2_font_size=&#8220;45px&#8220; header_2_line_height=&#8220;1.6em&#8220; header_3_font=&#8220;|700||on|||||&#8220; header_3_text_color=&#8220;#000000&#8243; header_2_text_color_tablet=&#8220;#000000&#8243; header_2_text_color_phone=&#8220;#000000&#8243; header_2_text_color_last_edited=&#8220;on|desktop&#8220; header_2_font_size_tablet=&#8220;45px&#8220; header_2_font_size_phone=&#8220;25px&#8220; header_2_font_size_last_edited=&#8220;on|phone&#8220; locked=&#8220;off&#8220; global_colors_info=&#8220;{}&#8220;]<\/p>\n<h2>EIN EVENT, DAS IHRE KUNDEN FASZINIERT!<\/h2>\n<p>[\/et_pb_text][\/et_pb_column][\/et_pb_row][et_pb_row column_structure=&#8220;1_3,2_3&#8243; _builder_version=&#8220;4.27.4&#8243; _module_preset=&#8220;default&#8220; max_width=&#8220;1500px&#8220; custom_margin=&#8220;0px||60px||false|false&#8220; custom_padding=&#8220;0px||0px||false|false&#8220; global_colors_info=&#8220;{}&#8220;][et_pb_column type=&#8220;1_3&#8243; _builder_version=&#8220;4.27.4&#8243; _module_preset=&#8220;default&#8220; animation_direction=&#8220;left&#8220; global_colors_info=&#8220;{}&#8220;][et_pb_text _builder_version=&#8220;4.27.4&#8243; _module_preset=&#8220;default&#8220; text_text_color=&#8220;#000000&#8243; text_font_size=&#8220;16px&#8220; text_line_height=&#8220;1.9em&#8220; header_2_font=&#8220;|800||on|||||&#8220; header_2_text_align=&#8220;left&#8220; header_2_text_color=&#8220;#000000&#8243; header_2_font_size=&#8220;45px&#8220; header_2_line_height=&#8220;1.6em&#8220; header_3_font=&#8220;|700||on|||||&#8220; header_3_text_color=&#8220;#000000&#8243; header_2_text_color_tablet=&#8220;#000000&#8243; header_2_text_color_phone=&#8220;#000000&#8243; header_2_text_color_last_edited=&#8220;on|desktop&#8220; header_2_font_size_tablet=&#8220;45px&#8220; header_2_font_size_phone=&#8220;25px&#8220; header_2_font_size_last_edited=&#8220;on|phone&#8220; locked=&#8220;off&#8220; global_colors_info=&#8220;{}&#8220;]<\/p>\n<p><strong>Verleihen Sie Ihrer Veranstaltung das besondere Etwas und integrieren Sie die aufregende Atmosph\u00e4re einer Motorsportveranstaltung, die von Hightech und Adrenalin gepr\u00e4gt ist.<\/strong><\/p>\n<p>Das Simracing Center in der Motorworld auf Mallorca bietet eine einzigartige Event-Location mit zahlreichen M\u00f6glichkeiten. Kombinieren Sie Ihren Besuch mit einem kulinarischen Erlebnis in einem der Restaurants oder bestaunen Sie einfach die anderen Attraktionen in der Motorworld. <\/p>\n<p>Wenn Sie ein gro\u00dfes und elegantes Event planen, reservieren Sie eine der Eventfl\u00e4chen mit Catering f\u00fcr Ihre Feier, ein Konzert, eine Tagung oder Ihre Hausmesse und beziehen Sie das Simracing Center in Ihre Veranstaltung ein.<\/p>\n<p>Oder haben Sie bereits eine andere Eventlocation und m\u00f6chten Ihr Event durch das Aufstellen von Sim-Racing-Ger\u00e4ten aufwerten?<\/p>\n<p>Wir bringen auch unsere Simulatoren zu Ihnen und weisen Ihre Kunden\/G\u00e4ste in die Bedienung ein. Unser Team steht Ihnen w\u00e4hrend der gesamten Dauer Ihrer Veranstaltung zur Verf\u00fcgung. <\/p>\n<p>[\/et_pb_text][\/et_pb_column][et_pb_column type=&#8220;2_3&#8243; _builder_version=&#8220;4.18.0&#8243; _module_preset=&#8220;default&#8220; animation_style=&#8220;slide&#8220; animation_direction=&#8220;right&#8220; global_colors_info=&#8220;{}&#8220;][et_pb_image src=&#8220;https:\/\/simracing-mallorca.es\/wp-content\/uploads\/motorworld-mallorca-kosten-image.webp&#8220; alt=&#8220;Event Idee&#8220; title_text=&#8220;motorworld-mallorca-kosten-image&#8220; show_in_lightbox=&#8220;on&#8220; _builder_version=&#8220;4.27.4&#8243; _module_preset=&#8220;default&#8220; custom_padding=&#8220;0px||||false|false&#8220; animation_direction=&#8220;bottom&#8220; global_colors_info=&#8220;{}&#8220;][\/et_pb_image][\/et_pb_column][\/et_pb_row][et_pb_row _builder_version=&#8220;4.18.0&#8243; _module_preset=&#8220;default&#8220; max_width=&#8220;1500px&#8220; custom_margin=&#8220;0px||60px||false|false&#8220; custom_padding=&#8220;0px||0px||false|false&#8220; global_colors_info=&#8220;{}&#8220;][et_pb_column type=&#8220;4_4&#8243; _builder_version=&#8220;4.18.0&#8243; _module_preset=&#8220;default&#8220; animation_style=&#8220;slide&#8220; animation_direction=&#8220;left&#8220; global_colors_info=&#8220;{}&#8220;][et_pb_image src=&#8220;http:\/\/simracing-mallorca.es\/wp-content\/uploads\/motorworld-mallorca-event-party.webp&#8220; alt=&#8220;Event planen&#8220; title_text=&#8220;motorworld-mallorca-event-party&#8220; show_in_lightbox=&#8220;on&#8220; force_fullwidth=&#8220;on&#8220; _builder_version=&#8220;4.27.4&#8243; _module_preset=&#8220;default&#8220; custom_padding=&#8220;0px||||false|false&#8220; animation_direction=&#8220;bottom&#8220; global_colors_info=&#8220;{}&#8220;][\/et_pb_image][\/et_pb_column][\/et_pb_row][et_pb_row _builder_version=&#8220;4.18.0&#8243; _module_preset=&#8220;default&#8220; max_width=&#8220;1500px&#8220; max_width_tablet=&#8220;1500px&#8220; max_width_phone=&#8220;100%&#8220; max_width_last_edited=&#8220;on|phone&#8220; custom_margin=&#8220;0px||60px||false|false&#8220; custom_padding=&#8220;0px||0px||false|false&#8220; animation_style=&#8220;slide&#8220; animation_direction=&#8220;bottom&#8220; saved_tabs=&#8220;all&#8220; locked=&#8220;off&#8220; global_colors_info=&#8220;{}&#8220;][et_pb_column type=&#8220;4_4&#8243; _builder_version=&#8220;4.18.0&#8243; _module_preset=&#8220;default&#8220; animation_direction=&#8220;left&#8220; global_colors_info=&#8220;{}&#8220;][et_pb_text _builder_version=&#8220;4.27.4&#8243; _module_preset=&#8220;default&#8220; text_text_color=&#8220;#000000&#8243; text_font_size=&#8220;16px&#8220; text_line_height=&#8220;1.9em&#8220; header_2_font=&#8220;|800||on|||||&#8220; header_2_text_align=&#8220;left&#8220; header_2_text_color=&#8220;#000000&#8243; header_2_font_size=&#8220;45px&#8220; header_2_line_height=&#8220;1.6em&#8220; header_3_font=&#8220;|700||on|||||&#8220; header_3_text_color=&#8220;#000000&#8243; header_6_font=&#8220;|700|||||||&#8220; header_6_font_size=&#8220;26px&#8220; header_2_text_color_tablet=&#8220;#000000&#8243; header_2_text_color_phone=&#8220;#000000&#8243; header_2_text_color_last_edited=&#8220;on|desktop&#8220; header_2_font_size_tablet=&#8220;45px&#8220; header_2_font_size_phone=&#8220;25px&#8220; header_2_font_size_last_edited=&#8220;on|phone&#8220; locked=&#8220;off&#8220; global_colors_info=&#8220;{}&#8220;]<\/p>\n<h2>EVENT ANFRAGE<\/h2>\n<p>Bitte nutze das nebenstehende Formular f\u00fcr deine Anfrage oder kontaktiere uns direkt telefonisch unter:<\/p>\n<h6>+49 1577 2665119<\/h6>\n<p>Wir freuen uns auf deine Eventanfrage!<\/p>\n<p>[\/et_pb_text][\/et_pb_column][\/et_pb_row][\/et_pb_section][et_pb_section fb_built=&#8220;1&#8243; _builder_version=&#8220;4.27.4&#8243; _module_preset=&#8220;default&#8220; custom_margin=&#8220;0px||0px||false|false&#8220; custom_padding=&#8220;0px||0px||false|false&#8220; global_colors_info=&#8220;{}&#8220;][et_pb_row _builder_version=&#8220;4.27.4&#8243; _module_preset=&#8220;default&#8220; width_tablet=&#8220;&#8220; width_phone=&#8220;100%&#8220; width_last_edited=&#8220;on|phone&#8220; max_width=&#8220;1500px&#8220; max_width_tablet=&#8220;1500px&#8220; max_width_phone=&#8220;100%&#8220; max_width_last_edited=&#8220;on|phone&#8220; custom_margin=&#8220;0px||0px||false|false&#8220; custom_padding=&#8220;0px||0px||false|false&#8220; global_colors_info=&#8220;{}&#8220;][et_pb_column type=&#8220;4_4&#8243; _builder_version=&#8220;4.27.4&#8243; _module_preset=&#8220;default&#8220; global_colors_info=&#8220;{}&#8220;][et_pb_code raw_content_tablet=&#8220;<iframe style=%22border:none;width:100%;height:1000px%22 id=%22sim-mallorca-e-spanisch-ltuncb%22 src=%22https:\/\/n3xform.com\/forms\/sim-mallorca-e-spanisch-ltuncb%22><\/iframe><script type=%22text\/javascript%22 onload=%22initEmbed('sim-mallorca-e-spanisch-ltuncb')%22 src=%22https:\/\/opnform.com\/widgets\/iframe.min.js%22><\/script><br \/>\n&#8220; raw_content_phone=&#8220;<iframe style=%22border:none;width:100%;height:1000px%22 id=%22sim-mallorca-e-spanisch-ltuncb%22 src=%22https:\/\/n3xform.com\/forms\/sim-mallorca-e-spanisch-ltuncb%22><\/iframe><script type=%22text\/javascript%22 onload=%22initEmbed('sim-mallorca-e-spanisch-ltuncb')%22 src=%22https:\/\/opnform.com\/widgets\/iframe.min.js%22><\/script><br \/>\n&#8220; raw_content_last_edited=&#8220;on|desktop&#8220; _builder_version=&#8220;4.27.5&#8243; _module_preset=&#8220;default&#8220; hover_enabled=&#8220;0&#8243; global_colors_info=&#8220;{}&#8220; sticky_enabled=&#8220;0&#8243;]<iframe style=\"border:none;width:100%;height:1300px\" id=\"sim-mallorca-e-spanisch-ltuncb\" src=\"https:\/\/n3xform.com\/forms\/sim-mallorca-e-deutsch-nl8kha\"><\/iframe><script type=\"text\/javascript\" onload=\"initEmbed('sim-mallorca-e-spanisch-ltuncb')\" src=\"https:\/\/opnform.com\/widgets\/iframe.min.js\"><\/script><!-- [et_pb_line_break_holder] -->[\/et_pb_code][\/et_pb_column][\/et_pb_row][\/et_pb_section]<\/p>\n","protected":false},"excerpt":{"rendered":"<p>Events &amp; MieteEIN EVENT, DAS IHRE KUNDEN FASZINIERT!Verleihen Sie Ihrer Veranstaltung das besondere Etwas und integrieren Sie die aufregende Atmosph\u00e4re einer Motorsportveranstaltung, die von Hightech und Adrenalin gepr\u00e4gt ist. Das Simracing Center in der Motorworld auf Mallorca bietet eine einzigartige Event-Location mit zahlreichen M\u00f6glichkeiten. Kombinieren Sie Ihren Besuch mit einem kulinarischen Erlebnis in einem der [&hellip;]<\/p>\n","protected":false},"author":1,"featured_media":0,"parent":0,"menu_order":0,"comment_status":"closed","ping_status":"closed","template":"","meta":{"_et_pb_use_builder":"on","_et_pb_old_content":"","_et_gb_content_width":"","footnotes":""},"difl_page_category":[],"class_list":["post-279696","page","type-page","status-publish","hentry"],"_links":{"self":[{"href":"https:\/\/simracing-mallorca.es\/de\/wp-json\/wp\/v2\/pages\/279696","targetHints":{"allow":["GET"]}}],"collection":[{"href":"https:\/\/simracing-mallorca.es\/de\/wp-json\/wp\/v2\/pages"}],"about":[{"href":"https:\/\/simracing-mallorca.es\/de\/wp-json\/wp\/v2\/types\/page"}],"author":[{"embeddable":true,"href":"https:\/\/simracing-mallorca.es\/de\/wp-json\/wp\/v2\/users\/1"}],"replies":[{"embeddable":true,"href":"https:\/\/simracing-mallorca.es\/de\/wp-json\/wp\/v2\/comments?post=279696"}],"version-history":[{"count":8,"href":"https:\/\/simracing-mallorca.es\/de\/wp-json\/wp\/v2\/pages\/279696\/revisions"}],"predecessor-version":[{"id":281614,"href":"https:\/\/simracing-mallorca.es\/de\/wp-json\/wp\/v2\/pages\/279696\/revisions\/281614"}],"wp:attachment":[{"href":"https:\/\/simracing-mallorca.es\/de\/wp-json\/wp\/v2\/media?parent=279696"}],"wp:term":[{"taxonomy":"difl_page_category","embeddable":true,"href":"https:\/\/simracing-mallorca.es\/de\/wp-json\/wp\/v2\/difl_page_category?post=279696"}],"curies":[{"name":"wp","href":"https:\/\/api.w.org\/{rel}","templated":true}]}}