{"id":280055,"date":"2023-09-01T13:19:48","date_gmt":"2023-09-01T11:19:48","guid":{"rendered":"https:\/\/simracing-mallorca.es\/sim-racing-sports"},"modified":"2026-03-16T11:59:05","modified_gmt":"2026-03-16T10:59:05","slug":"sim-racing-sports","status":"publish","type":"page","link":"https:\/\/simracing-mallorca.es\/de\/sim-racing-sports","title":{"rendered":"Sim Racing Sports"},"content":{"rendered":"<p>[et_pb_section fb_built=&#8220;1&#8243; _builder_version=&#8220;4.18.0&#8243; _module_preset=&#8220;default&#8220; background_color=&#8220;#474747&#8243; background_image=&#8220;https:\/\/simracing-mallorca.es\/wp-content\/uploads\/dmsb-sports.jpg&#8220; background_blend=&#8220;soft-light&#8220; background_enable_video_mp4=&#8220;off&#8220; custom_margin=&#8220;0px||0px||false|false&#8220; custom_padding=&#8220;0px||0px||false|false&#8220; global_colors_info=&#8220;{}&#8220;][et_pb_row custom_padding_last_edited=&#8220;on|phone&#8220; _builder_version=&#8220;4.27.4&#8243; _module_preset=&#8220;default&#8220; width=&#8220;100%&#8220; max_width=&#8220;100%&#8220; custom_margin=&#8220;||||false|false&#8220; custom_padding=&#8220;150px||150px||false|false&#8220; custom_padding_tablet=&#8220;250px||250px||false|false&#8220; custom_padding_phone=&#8220;100px||100px||false|false&#8220; global_colors_info=&#8220;{}&#8220;][et_pb_column type=&#8220;4_4&#8243; _builder_version=&#8220;4.18.0&#8243; _module_preset=&#8220;default&#8220; global_colors_info=&#8220;{}&#8220;][et_pb_text _builder_version=&#8220;4.27.4&#8243; _module_preset=&#8220;default&#8220; text_text_color=&#8220;#000000&#8243; text_font_size=&#8220;16px&#8220; text_line_height=&#8220;1.9em&#8220; header_font=&#8220;|800||on|||||&#8220; header_text_align=&#8220;center&#8220; header_text_color=&#8220;#FFFFFF&#8220; header_font_size=&#8220;70px&#8220; header_line_height=&#8220;1.6em&#8220; header_2_font=&#8220;|800||on|||||&#8220; header_2_text_align=&#8220;left&#8220; header_2_text_color=&#8220;#000000&#8243; header_2_font_size=&#8220;45px&#8220; header_2_line_height=&#8220;1.6em&#8220; background_color=&#8220;RGBA(255,255,255,0)&#8220; custom_margin=&#8220;||0px||false|false&#8220; custom_padding=&#8220;||0px||false|false&#8220; header_text_color_tablet=&#8220;#FFFFFF&#8220; header_text_color_phone=&#8220;#FFFFFF&#8220; header_text_color_last_edited=&#8220;on|desktop&#8220; header_font_size_tablet=&#8220;45px&#8220; header_font_size_phone=&#8220;35px&#8220; header_font_size_last_edited=&#8220;on|phone&#8220; header_2_text_color_tablet=&#8220;#000000&#8243; header_2_text_color_phone=&#8220;#000000&#8243; header_2_text_color_last_edited=&#8220;on|desktop&#8220; header_2_font_size_tablet=&#8220;45px&#8220; header_2_font_size_phone=&#8220;25px&#8220; header_2_font_size_last_edited=&#8220;on|phone&#8220; header_text_shadow_style=&#8220;preset1&#8243; locked=&#8220;off&#8220; global_colors_info=&#8220;{}&#8220;]<\/p>\n<h1>SPORTS<\/h1>\n<p>[\/et_pb_text][\/et_pb_column][\/et_pb_row][\/et_pb_section][et_pb_section fb_built=&#8220;1&#8243; _builder_version=&#8220;4.18.0&#8243; _module_preset=&#8220;default&#8220; global_colors_info=&#8220;{}&#8220;][et_pb_row _builder_version=&#8220;4.27.4&#8243; _module_preset=&#8220;default&#8220; max_width=&#8220;1500px&#8220; custom_margin=&#8220;0px||0px||false|false&#8220; custom_padding=&#8220;0px||0px||false|false&#8220; global_colors_info=&#8220;{}&#8220;][et_pb_column type=&#8220;4_4&#8243; _builder_version=&#8220;4.27.4&#8243; _module_preset=&#8220;default&#8220; animation_direction=&#8220;left&#8220; global_colors_info=&#8220;{}&#8220;][et_pb_text _builder_version=&#8220;4.27.4&#8243; _module_preset=&#8220;default&#8220; text_text_color=&#8220;#000000&#8243; text_font_size=&#8220;16px&#8220; text_line_height=&#8220;1.9em&#8220; header_2_font=&#8220;|800||on|||||&#8220; header_2_text_align=&#8220;left&#8220; header_2_text_color=&#8220;#000000&#8243; header_2_font_size=&#8220;45px&#8220; header_2_line_height=&#8220;1.6em&#8220; header_3_font=&#8220;|700||on|||||&#8220; header_3_text_color=&#8220;#000000&#8243; header_2_text_color_tablet=&#8220;#000000&#8243; header_2_text_color_phone=&#8220;#000000&#8243; header_2_text_color_last_edited=&#8220;on|desktop&#8220; header_2_font_size_tablet=&#8220;45px&#8220; header_2_font_size_phone=&#8220;25px&#8220; header_2_font_size_last_edited=&#8220;on|phone&#8220; locked=&#8220;off&#8220; global_colors_info=&#8220;{}&#8220;]<\/p>\n<h2>Turniere, Ligen, Meisterschaften<\/h2>\n<p>[\/et_pb_text][\/et_pb_column][\/et_pb_row][et_pb_row column_structure=&#8220;1_2,1_2&#8243; _builder_version=&#8220;4.27.4&#8243; _module_preset=&#8220;default&#8220; max_width=&#8220;1500px&#8220; custom_margin=&#8220;0px||60px||false|false&#8220; custom_padding=&#8220;0px||0px||false|false&#8220; global_colors_info=&#8220;{}&#8220;][et_pb_column type=&#8220;1_2&#8243; _builder_version=&#8220;4.27.4&#8243; _module_preset=&#8220;default&#8220; animation_direction=&#8220;left&#8220; global_colors_info=&#8220;{}&#8220;][et_pb_text _builder_version=&#8220;4.27.4&#8243; _module_preset=&#8220;default&#8220; text_text_color=&#8220;#000000&#8243; text_font_size=&#8220;16px&#8220; text_line_height=&#8220;1.9em&#8220; header_2_font=&#8220;|800||on|||||&#8220; header_2_text_align=&#8220;left&#8220; header_2_text_color=&#8220;#000000&#8243; header_2_font_size=&#8220;45px&#8220; header_2_line_height=&#8220;1.6em&#8220; header_3_font=&#8220;|700||on|||||&#8220; header_3_text_color=&#8220;#000000&#8243; header_2_text_color_tablet=&#8220;#000000&#8243; header_2_text_color_phone=&#8220;#000000&#8243; header_2_text_color_last_edited=&#8220;on|desktop&#8220; header_2_font_size_tablet=&#8220;45px&#8220; header_2_font_size_phone=&#8220;25px&#8220; header_2_font_size_last_edited=&#8220;on|phone&#8220; locked=&#8220;off&#8220; global_colors_info=&#8220;{}&#8220;]<\/p>\n<p>SimRacing hat sich mittlerweile zu einer von der FIA und dem DMSB anerkannten Motorsportart entwickelt. Es bietet nicht nur eine eigenst\u00e4ndige Sportart, sondern auch eine kosteng\u00fcnstige M\u00f6glichkeit, in den realen Motorsport einzusteigen. <\/p>\n<p>Dank der realistischen Simulationen hat sich SimRacing ebenso als effektives Trainingswerkzeug f\u00fcr echte Rennteams etabliert. <\/p>\n<p>[\/et_pb_text][et_pb_image src=&#8220;https:\/\/simracing-mallorca.es\/wp-content\/uploads\/simracing-fahrzeug-foto.png&#8220; alt=&#8220;Simracing Fahrzeug Bild&#8220; title_text=&#8220;simracing-fahrzeug-foto&#8220; _builder_version=&#8220;4.18.0&#8243; _module_preset=&#8220;default&#8220; width=&#8220;70%&#8220; global_colors_info=&#8220;{}&#8220;][\/et_pb_image][\/et_pb_column][et_pb_column type=&#8220;1_2&#8243; _builder_version=&#8220;4.18.0&#8243; _module_preset=&#8220;default&#8220; animation_style=&#8220;slide&#8220; animation_direction=&#8220;right&#8220; global_colors_info=&#8220;{}&#8220;][et_pb_image src=&#8220;http:\/\/simracing-mallorca.es\/wp-content\/uploads\/sim-racing-sports-meisterschaften.jpg&#8220; alt=&#8220;sim racing sports meisterschaften&#8220; title_text=&#8220;sim-racing-sports-meisterschaften&#8220; show_in_lightbox=&#8220;on&#8220; _builder_version=&#8220;4.18.0&#8243; _module_preset=&#8220;default&#8220; custom_padding=&#8220;0px||||false|false&#8220; animation_direction=&#8220;bottom&#8220; global_colors_info=&#8220;{}&#8220;][\/et_pb_image][\/et_pb_column][\/et_pb_row][et_pb_row _builder_version=&#8220;4.18.0&#8243; _module_preset=&#8220;default&#8220; max_width=&#8220;1500px&#8220; custom_margin=&#8220;0px||60px||false|false&#8220; custom_padding=&#8220;0px||0px||false|false&#8220; global_colors_info=&#8220;{}&#8220;][et_pb_column type=&#8220;4_4&#8243; _builder_version=&#8220;4.18.0&#8243; _module_preset=&#8220;default&#8220; animation_style=&#8220;slide&#8220; animation_direction=&#8220;left&#8220; global_colors_info=&#8220;{}&#8220;][et_pb_image src=&#8220;http:\/\/simracing-mallorca.es\/wp-content\/uploads\/sim-racing-erfahrung-ausflug.jpg&#8220; alt=&#8220;Event planen&#8220; title_text=&#8220;sim-racing-erfahrung-ausflug&#8220; show_in_lightbox=&#8220;on&#8220; force_fullwidth=&#8220;on&#8220; _builder_version=&#8220;4.18.0&#8243; _module_preset=&#8220;default&#8220; custom_margin=&#8220;||10px||false|false&#8220; custom_padding=&#8220;0px||0px||false|false&#8220; animation_direction=&#8220;bottom&#8220; global_colors_info=&#8220;{}&#8220;][\/et_pb_image][et_pb_text _builder_version=&#8220;4.27.4&#8243; _module_preset=&#8220;default&#8220; text_text_color=&#8220;#000000&#8243; text_font_size=&#8220;16px&#8220; text_line_height=&#8220;1.9em&#8220; header_2_font=&#8220;|800||on|||||&#8220; header_2_text_align=&#8220;left&#8220; header_2_text_color=&#8220;#000000&#8243; header_2_font_size=&#8220;45px&#8220; header_2_line_height=&#8220;1.6em&#8220; header_3_font=&#8220;|700||on|||||&#8220; header_3_text_color=&#8220;#000000&#8243; text_orientation=&#8220;center&#8220; custom_margin=&#8220;0px||||false|false&#8220; custom_padding=&#8220;0px||||false|false&#8220; header_2_text_color_tablet=&#8220;#000000&#8243; header_2_text_color_phone=&#8220;#000000&#8243; header_2_text_color_last_edited=&#8220;on|desktop&#8220; header_2_font_size_tablet=&#8220;45px&#8220; header_2_font_size_phone=&#8220;25px&#8220; header_2_font_size_last_edited=&#8220;on|phone&#8220; locked=&#8220;off&#8220; global_colors_info=&#8220;{}&#8220;]<\/p>\n<p>Renommierte Rennserien wie die NLS und EuroNASCAR finden inzwischen ebenfalls virtuell statt und erm\u00f6glichen so einen nahtlosen \u00dcbergang vom virtuellen in den realen Motorsport.<\/p>\n<p>[\/et_pb_text][et_pb_text quote_border_color=&#8220;#000000&#8243; _builder_version=&#8220;4.27.4&#8243; _module_preset=&#8220;default&#8220; text_text_color=&#8220;#000000&#8243; text_font_size=&#8220;25px&#8220; text_line_height=&#8220;1.9em&#8220; header_2_font=&#8220;|800||on|||||&#8220; header_2_text_align=&#8220;left&#8220; header_2_text_color=&#8220;#000000&#8243; header_2_font_size=&#8220;45px&#8220; header_2_line_height=&#8220;1.6em&#8220; header_3_font=&#8220;|700||on|||||&#8220; header_3_text_color=&#8220;#000000&#8243; custom_margin=&#8220;0px||||false|false&#8220; custom_padding=&#8220;0px||||false|false&#8220; header_2_text_color_tablet=&#8220;#000000&#8243; header_2_text_color_phone=&#8220;#000000&#8243; header_2_text_color_last_edited=&#8220;on|desktop&#8220; header_2_font_size_tablet=&#8220;45px&#8220; header_2_font_size_phone=&#8220;25px&#8220; header_2_font_size_last_edited=&#8220;on|phone&#8220; locked=&#8220;off&#8220; global_colors_info=&#8220;{}&#8220;]<\/p>\n<blockquote>\n<p>Starten Sie Ihr pers\u00f6nliches Trainingsprogramm, fighten Sie in Turnieren, steigen als Fahrer oder mit Ihrer Mannschaft in internationale Meisterschaften ein\u2026<\/p>\n<p>\u2026 oder starten erfolgreich im Verein, mit Ihrem Team oder als Einzelfahrer im SimRacing-Center D\u00fcsseldorf.<\/p>\n<\/blockquote>\n<p>[\/et_pb_text][\/et_pb_column][\/et_pb_row][et_pb_row _builder_version=&#8220;4.18.0&#8243; _module_preset=&#8220;default&#8220; max_width=&#8220;1500px&#8220; max_width_tablet=&#8220;1500px&#8220; max_width_phone=&#8220;100%&#8220; max_width_last_edited=&#8220;on|phone&#8220; custom_margin=&#8220;0px||60px||false|false&#8220; custom_padding=&#8220;0px||0px||false|false&#8220; animation_style=&#8220;slide&#8220; animation_direction=&#8220;bottom&#8220; saved_tabs=&#8220;all&#8220; locked=&#8220;off&#8220; global_colors_info=&#8220;{}&#8220;][et_pb_column type=&#8220;4_4&#8243; _builder_version=&#8220;4.18.0&#8243; _module_preset=&#8220;default&#8220; animation_direction=&#8220;left&#8220; global_colors_info=&#8220;{}&#8220;][et_pb_text _builder_version=&#8220;4.27.4&#8243; _module_preset=&#8220;default&#8220; text_text_color=&#8220;#000000&#8243; text_font_size=&#8220;16px&#8220; text_line_height=&#8220;1.9em&#8220; header_2_font=&#8220;|800||on|||||&#8220; header_2_text_align=&#8220;left&#8220; header_2_text_color=&#8220;#000000&#8243; header_2_font_size=&#8220;45px&#8220; header_2_line_height=&#8220;1.6em&#8220; header_3_font=&#8220;|700||on|||||&#8220; header_3_text_color=&#8220;#000000&#8243; header_6_font=&#8220;|700|||||||&#8220; header_6_font_size=&#8220;26px&#8220; header_2_text_color_tablet=&#8220;#000000&#8243; header_2_text_color_phone=&#8220;#000000&#8243; header_2_text_color_last_edited=&#8220;on|desktop&#8220; header_2_font_size_tablet=&#8220;45px&#8220; header_2_font_size_phone=&#8220;25px&#8220; header_2_font_size_last_edited=&#8220;on|phone&#8220; locked=&#8220;off&#8220; global_colors_info=&#8220;{}&#8220;]<\/p>\n<h2>EVENT ANFRAGE<\/h2>\n<p>Bitte nutze das nebenstehende Formular f\u00fcr deine Anfrage oder kontaktiere uns direkt telefonisch unter:<\/p>\n<h6>+49 1577 2665119<\/h6>\n<p>Wir freuen uns auf deine Eventanfrage!<\/p>\n<p>[\/et_pb_text][\/et_pb_column][\/et_pb_row][\/et_pb_section]<\/p>\n","protected":false},"excerpt":{"rendered":"<p>SPORTSTurniere, Ligen, MeisterschaftenSimRacing hat sich mittlerweile zu einer von der FIA und dem DMSB anerkannten Motorsportart entwickelt. Es bietet nicht nur eine eigenst\u00e4ndige Sportart, sondern auch eine kosteng\u00fcnstige M\u00f6glichkeit, in den realen Motorsport einzusteigen. Dank der realistischen Simulationen hat sich SimRacing ebenso als effektives Trainingswerkzeug f\u00fcr echte Rennteams etabliert. Renommierte Rennserien wie die NLS und [&hellip;]<\/p>\n","protected":false},"author":1,"featured_media":0,"parent":0,"menu_order":0,"comment_status":"closed","ping_status":"closed","template":"","meta":{"_et_pb_use_builder":"on","_et_pb_old_content":"","_et_gb_content_width":"","footnotes":""},"difl_page_category":[],"class_list":["post-280055","page","type-page","status-publish","hentry"],"_links":{"self":[{"href":"https:\/\/simracing-mallorca.es\/de\/wp-json\/wp\/v2\/pages\/280055","targetHints":{"allow":["GET"]}}],"collection":[{"href":"https:\/\/simracing-mallorca.es\/de\/wp-json\/wp\/v2\/pages"}],"about":[{"href":"https:\/\/simracing-mallorca.es\/de\/wp-json\/wp\/v2\/types\/page"}],"author":[{"embeddable":true,"href":"https:\/\/simracing-mallorca.es\/de\/wp-json\/wp\/v2\/users\/1"}],"replies":[{"embeddable":true,"href":"https:\/\/simracing-mallorca.es\/de\/wp-json\/wp\/v2\/comments?post=280055"}],"version-history":[{"count":9,"href":"https:\/\/simracing-mallorca.es\/de\/wp-json\/wp\/v2\/pages\/280055\/revisions"}],"predecessor-version":[{"id":281591,"href":"https:\/\/simracing-mallorca.es\/de\/wp-json\/wp\/v2\/pages\/280055\/revisions\/281591"}],"wp:attachment":[{"href":"https:\/\/simracing-mallorca.es\/de\/wp-json\/wp\/v2\/media?parent=280055"}],"wp:term":[{"taxonomy":"difl_page_category","embeddable":true,"href":"https:\/\/simracing-mallorca.es\/de\/wp-json\/wp\/v2\/difl_page_category?post=280055"}],"curies":[{"name":"wp","href":"https:\/\/api.w.org\/{rel}","templated":true}]}}